{"id":2923,"date":"2025-03-21T13:41:15","date_gmt":"2025-03-21T12:41:15","guid":{"rendered":"https:\/\/bonalabels.bugesweb.com\/altalanos-szerzodesi-feltetelek\/"},"modified":"2025-10-24T14:12:59","modified_gmt":"2025-10-24T12:12:59","slug":"altalanos-szerzodesi-feltetelek","status":"publish","type":"page","link":"https:\/\/bonalabels.sk\/hu\/altalanos-szerzodesi-feltetelek\/","title":{"rendered":"\u00c1ltal\u00e1nos szerz\u0151d\u00e9si felt\u00e9telek"},"content":{"rendered":"\n<div class=\"row\"  id=\"row-383467542\">\n\n\n\t<div id=\"col-1900107223\" class=\"col small-12 large-12\"  >\n\t\t\t\t<div class=\"col-inner\"  >\n\t\t\t\n\t\t\t\n\n<h1 style=\"text-align: center;\"><span style=\"color: #002e5d;\">\u00c1ltal\u00e1nos szerz\u0151d\u00e9si felt\u00e9telek<\/span><\/h1>\n<p> <\/p>\n<h3><span style=\"color: #002e5d;\"><strong>B\u00f3na LABELS s.r.o.<\/strong><\/span><\/h3>\n<p>Sz\u00e9khely: Vinohrady 9A, 940 02 Nov\u00e9 Z\u00e1mky, Szlov\u00e1k K\u00f6zt\u00e1rsas\u00e1g<br>E-mail: info@bonalabels.sk<br>C\u00e9gazonos\u00edt\u00f3 sz\u00e1m (I\u010cO): 35951541<\/p>\n<p>\u00c1FA-azonos\u00edt\u00f3 sz\u00e1m (I\u010c DPH): SK2023050701<br>Bejegyezve a Nyitrai J\u00e1r\u00e1sb\u00edr\u00f3s\u00e1g C\u00e9gnyilv\u00e1ntart\u00e1s\u00e1ba, Sro. oszt\u00e1ly, 17022\/N iktat\u00e1si sz\u00e1m alatt1. \u00c1ltal\u00e1nos rendelkez\u00e9sek<\/p>\n<p><span style=\"color: #002e5d;\"><strong style=\"font-size: 20.16px;\">1. \u00c1ltal\u00e1nos Szerz\u0151d\u00e9si Felt\u00e9telek<\/strong><\/span><\/p>\n<p><span style=\"color: #002e5d;\">Ezek az \u00c1ltal\u00e1nos Szerz\u0151d\u00e9si Felt\u00e9telek szab\u00e1lyozz\u00e1k a B\u00f3na LABELS s.r.o. (a tov\u00e1bbiakban \u201eElad\u00f3\u201d) \u00e9s v\u00e1s\u00e1rl\u00f3 (a tov\u00e1bbiakban \u201eVev\u0151\u201d) k\u00f6z\u00f6tt l\u00e9trej\u00f6v\u0151 jogviszonyokat az \u00f6ntapad\u00f3s c\u00edmk\u00e9k \u00e9s egy\u00e9b nyomdaipari term\u00e9kek elad\u00e1s\u00e1ra \u00e9s sz\u00e1ll\u00edt\u00e1s\u00e1ra vonatkoz\u00f3an, \u00e9s minden elad\u00e1si szerz\u0151d\u00e9s elv\u00e1laszthatatlan r\u00e9sz\u00e9t k\u00e9pezik.<\/span><\/p>\n<h3><span style=\"color: #002e5d;\"><strong>2. Megrendel\u00e9s \u00e9s szerz\u0151d\u00e9sk\u00f6t\u00e9s<\/strong><\/span><\/h3>\n<p><span style=\"color: #002e5d;\">A Vev\u0151 megrendel\u00e9st k\u00fcldhet:<\/span><\/p>\n<ul>\n<li><span style=\"color: #002e5d;\">&#8216;az Elad\u00f3 weboldal\u00e1n tal\u00e1lhat\u00f3 online \u0171rlapon, vagy<\/span><\/li>\n<li><span style=\"color: #002e5d;\">e-mailben az <a style=\"color: #002e5d;\" href=\"mailto:info@bonalabels.sk\" target=\"_blank\" rel=\"noopener\"><strong>info@bonalabels.sk c\u00edmre<\/strong><\/a>.<\/span><\/li>\n<\/ul>\n<p>A rendel\u00e9s be\u00e9rkez\u00e9se ut\u00e1n a Vev\u0151h\u00f6z \u00e9rt\u00e9kes\u00edt\u00e9si k\u00e9pvisel\u0151t rendel\u00fcnk, aki int\u00e9zi a kommunik\u00e1ci\u00f3t, a megrendel\u00e9s meger\u0151s\u00edt\u00e9s\u00e9t \u00e9s a technikai r\u00e9szletek egyeztet\u00e9s\u00e9t a c\u00edmk\u00e9k gy\u00e1rt\u00e1s\u00e1hoz.<br>A szerz\u0151d\u00e9s az Elad\u00f3 megrendel\u00e9s-visszaigazol\u00e1s\u00e1nak pillanat\u00e1ban j\u00f6n l\u00e9tre.<\/p>\n<h3><span style=\"color: #002e5d;\"><strong>3. \u00c1r \u00e9s fizet\u00e9si felt\u00e9telek<\/strong><\/span><\/h3>\n<p>A term\u00e9kek \u00e1r\u00e1t az ig\u00e9nyek szerint, a megrendel\u00e9s m\u0171szaki param\u00e9terei alapj\u00e1n egyedileg \u00e1llap\u00edtjuk meg.<br>A Vev\u0151 banksz\u00e1ml\u00e1s \u00e1tutal\u00e1ssal fizeti ki az \u00f6sszeget az Elad\u00f3 r\u00e9sz\u00e9re a ki\u00e1ll\u00edtott sz\u00e1mla alapj\u00e1n.<br>A term\u00e9ket csak azt k\u00f6vet\u0151en sz\u00e1ll\u00edtjuk ki, hogy a fizet\u00e9s be\u00e9rkezett, kiv\u00e9ve, ha m\u00e1sk\u00e9nt \u00e1llapodunk meg.<\/p>\n<h3><span style=\"color: #002e5d;\"><strong>4. Kisz\u00e1ll\u00edt\u00e1si felt\u00e9telek<\/strong><\/span><\/h3>\n<p><span style=\"color: #002e5d;\">Az Elad\u00f3 a term\u00e9kek sz\u00e1ll\u00edt\u00e1s\u00e1t biztos\u00edtja:<\/span><\/p>\n<ul>\n<li><span style=\"color: #002e5d;\">bels\u0151 (saj\u00e1t) fuvarral,<\/span><\/li>\n<li><span style=\"color: #002e5d;\">fut\u00e1rszolg\u00e1lattal, vagy<\/span><\/li>\n<li><span style=\"color: #002e5d;\">szem\u00e9lyes \u00e1tv\u00e9tellel az Elad\u00f3 telephely\u00e9n, el\u0151zetes egyeztet\u00e9s alapj\u00e1n.<\/span><\/li>\n<\/ul>\n<p>A sz\u00e1ll\u00edt\u00e1si id\u0151t egy\u00e9nileg egyeztetj\u00fck a megrendel\u00e9s m\u00e9rete \u00e9s a gy\u00e1rt\u00e1si kapacit\u00e1s f\u00fcggv\u00e9ny\u00e9ben.<br>Az Elad\u00f3 term\u00e9keket sz\u00e1ll\u00edt v\u00e1s\u00e1rl\u00f3k r\u00e9sz\u00e9re Szlov\u00e1ki\u00e1ban, Csehorsz\u00e1gban, Magyarorsz\u00e1gon, Ausztri\u00e1ban, N\u00e9metorsz\u00e1gban \u00e9s az EU m\u00e1s orsz\u00e1gaiba.<\/p>\n<h3><span style=\"color: #002e5d;\"><strong>5. Panaszok \u00e9s j\u00f3t\u00e1ll\u00e1s<\/strong><\/span><\/h3>\n<p>A Vev\u0151 k\u00f6teles az \u00e1ru \u00e1tv\u00e9telekor ellen\u0151rizni azt.<br>Ha hib\u00e1t tal\u00e1l, k\u00f6teles azt halad\u00e9ktalanul az Elad\u00f3nak e-mailben jelezni.<br>Az Elad\u00f3 csak a gy\u00e1rt\u00e1si hiba vagy hib\u00e1s anyag miatt keletkez\u0151 hib\u00e1k\u00e9rt v\u00e1llal felel\u0151ss\u00e9get.<br>A panaszokat az adott term\u00e9k jellege alapj\u00e1n egy\u00e9nileg kezelj\u00fck.<\/p>\n<h3><span style=\"color: #002e5d;\"><strong>6. El\u00e1ll\u00e1s a szerz\u0151d\u00e9st\u0151l<\/strong><\/span><\/h3>\n<p>Mivel a term\u00e9k az Vev\u0151 egyedi ig\u00e9nyei szerint k\u00e9sz\u00fcl, az el\u00e1ll\u00e1s nem lehets\u00e9ges a 2014. \u00e9vi 102. t\u00f6rv\u00e9ny 7. \u00a7 (6) c) pontja szerint.<br>M\u00e1s okb\u00f3l t\u00f6rt\u00e9n\u0151 el\u00e1ll\u00e1s eset\u00e9n a felek egy\u00e9nileg \u00e1llapodnak meg.<\/p>\n<h3><span style=\"color: #002e5d;\"><strong>7. Szem\u00e9lyes adatok v\u00e9delme (GDPR)<\/strong><\/span><\/h3>\n<p><span style=\"color: #002e5d;\">Az Elad\u00f3 kezeli a Vev\u0151 szem\u00e9lyes adatait (pl. n\u00e9v, e-mail, telefonsz\u00e1m, c\u00edm, sz\u00e1ml\u00e1z\u00e1si adatok) a megrendel\u00e9s feldolgoz\u00e1sa, sz\u00e1mla ki\u00e1ll\u00edt\u00e1sa \u00e9s az \u00e1ruk sz\u00e1ll\u00edt\u00e1sa c\u00e9lj\u00e1b\u00f3l.<\/span><\/p>\n<p>Az adatkezel\u00e9s megfelel az (EU) 2016\/679 rendeletnek (GDPR) \u00e9s a vonatkoz\u00f3 nemzeti jogszab\u00e1lyoknak.<br>Az adatokat harmadik f\u00e9lnek nem adjuk \u00e1t, kiv\u00e9ve a fuvaroz\u00f3kat \u00e9s k\u00f6nyvel\u0151ket, akiknek sz\u00fcks\u00e9g\u00fck van r\u00e1 a szerz\u0151d\u00e9s teljes\u00edt\u00e9s\u00e9hez.<\/p>\n<p><span style=\"color: #002e5d;\">A Vev\u0151 jogosult:<\/span><\/p>\n<ul>\n<li><span style=\"color: #002e5d;\">k\u00e9rni a hozz\u00e1f\u00e9r\u00e9st az adataihoz,<\/span><\/li>\n<li><span style=\"color: #002e5d;\">k\u00e9rni azok helyesb\u00edt\u00e9s\u00e9t vagy t\u00f6rl\u00e9s\u00e9t,<\/span><\/li>\n<li><span style=\"color: #002e5d;\">k\u00e9rni az adatkezel\u00e9s korl\u00e1toz\u00e1s\u00e1t,<\/span><\/li>\n<li><span style=\"color: #002e5d;\">tiltakozni a kezel\u00e9s ellen,<\/span><\/li>\n<li><span style=\"color: #002e5d;\">panaszt tenni az adatv\u00e9delmi hat\u00f3s\u00e1gn\u00e1l.<\/span><\/li>\n<\/ul>\n<p><span style=\"color: #002e5d;\">A k\u00e9relmek az <a style=\"color: #002e5d;\" href=\"mailto:info@bonalabels.sk\" target=\"_blank\" rel=\"noopener\"><strong>info@bonalabels.sk <\/strong><\/a>c\u00edmre k\u00fcldhet\u0151k.<\/span><\/p>\n<h3><span style=\"color: #002e5d;\"><strong>8. Z\u00e1r\u00f3 rendelkez\u00e9sek<\/strong><\/span><\/h3>\n<p>Ezek az \u00c1ltal\u00e1nos Szerz\u0151d\u00e9si Felt\u00e9telek a weboldalon t\u00f6rt\u00e9n\u0151 k\u00f6zz\u00e9t\u00e9tel napj\u00e1t\u00f3l l\u00e9pnek \u00e9letbe.<br>Az Elad\u00f3 jogosult azokat m\u00f3dos\u00edtani.<br>A jogviszonyokat a Szlov\u00e1k K\u00f6zt\u00e1rsas\u00e1g joga ir\u00e1ny\u00edtja.<\/p>\n\n\t\t<\/div>\n\t\t\t\t\t<\/div>\n\n\t\n\n<\/div>\n\n","protected":false},"excerpt":{"rendered":"","protected":false},"author":1,"featured_media":2435,"parent":0,"menu_order":0,"comment_status":"closed","ping_status":"closed","template":"","meta":{"footnotes":""},"class_list":["post-2923","page","type-page","status-publish","has-post-thumbnail","hentry"],"_links":{"self":[{"href":"https:\/\/bonalabels.sk\/hu\/wp-json\/wp\/v2\/pages\/2923","targetHints":{"allow":["GET"]}}],"collection":[{"href":"https:\/\/bonalabels.sk\/hu\/wp-json\/wp\/v2\/pages"}],"about":[{"href":"https:\/\/bonalabels.sk\/hu\/wp-json\/wp\/v2\/types\/page"}],"author":[{"embeddable":true,"href":"https:\/\/bonalabels.sk\/hu\/wp-json\/wp\/v2\/users\/1"}],"replies":[{"embeddable":true,"href":"https:\/\/bonalabels.sk\/hu\/wp-json\/wp\/v2\/comments?post=2923"}],"version-history":[{"count":0,"href":"https:\/\/bonalabels.sk\/hu\/wp-json\/wp\/v2\/pages\/2923\/revisions"}],"wp:featuredmedia":[{"embeddable":true,"href":"https:\/\/bonalabels.sk\/hu\/wp-json\/wp\/v2\/media\/2435"}],"wp:attachment":[{"href":"https:\/\/bonalabels.sk\/hu\/wp-json\/wp\/v2\/media?parent=2923"}],"curies":[{"name":"wp","href":"https:\/\/api.w.org\/{rel}","templated":true}]}}